{"id":15754,"date":"2025-12-10T15:49:07","date_gmt":"2025-12-10T15:49:07","guid":{"rendered":"https:\/\/www.temposoccer.it\/?post_type=product&#038;p=15754"},"modified":"2025-12-19T15:16:35","modified_gmt":"2025-12-19T15:16:35","slug":"ts-3200","status":"publish","type":"product","link":"https:\/\/www.temposoccer.it\/en\/prodotto\/ts-3200\/","title":{"rendered":"TS-3200"},"content":{"rendered":"<p>Questo pallone da calcio di misura 5 \u00e8 progettato con una tecnologia ibrida che lo rende potente, accurato e veloce. Ideale per l&#8217;allenamento professionale. Il pallone si distingue per il suo impatto ridotto sull&#8217;ambiente, \u00e8 infatti realizzato in PET e lattice naturale. Presenta una struttura a 32 pannelli e una camera d&#8217;aria in gomma che garantisce una ritenzione massima dell&#8217;aria. Presenta una struttura a 32 pannelli e una camera d&#8217;aria in gomma che garantisce una ritenzione massima dell&#8217;aria. Ideale per partite e allenamenti intensi di tipo professionale, questo pallone offre prestazioni eccezionali e una lunga durata. Realizzato con materiali di alta qualit\u00e0, mantiene la sua forma e le sue caratteristiche anche dopo numerosi utilizzi. Che tu sia un giocatore professionista o un appassionato, questo pallone ti permetter\u00e0 di giocare al massimo delle tue potenzialit\u00e0. Approfitta della sua precisione e della sua velocit\u00e0 per migliorare le tue abilit\u00e0 e divertirti sul campo.<\/p>\n<p>L\u2019innovazione dei 32 pannelli si caratterizza per i 32 pannelli, bordi speciali di controllo della velocit\u00e0 e cuciture curvi rispetto ai tradizionali palloni da calcio. Questi 32 pannelli rendono il pallone perfetto per una giocata migliorata e ben controllata aumentando dunque la performance dei giocatori stessi.<\/p>\n<ul>\n<li style=\"list-style-type: none;\">\n<ul>\n<li>Peso: 410-440 gr<\/li>\n<li>Circonferenza: 68-70 cm<\/li>\n<li>Materiale: 100% PU lucido perlato<\/li>\n<li>Supporto in schiuma\u00a04-4.5 mm<\/li>\n<li>Camera d&#8217;aria in gomma sintetica a filo incrociato<\/li>\n<li>All weather conditions: Adatto a tutte le condizioni climatiche<\/li>\n<li>Indicato per i match professionali<\/li>\n<\/ul>\n<\/li>\n<\/ul>\n<p><em>Note: A causa dei diversi monitor e degli effetti a luce, il colore effettivo dell&#8217;articolo potrebbe essere leggermente diverso da quello mostrato nelle immagini.<\/em>\u00a0<em>Si prega di consentire una deviazione di misurazione di 1-2 cm dovuta alla misurazione manuale<\/em><\/p>\n","protected":false},"excerpt":{"rendered":"<p>Questo pallone da calcio di misura 5 \u00e8 progettato con una tecnologia ibrida che lo rende potente, accurato e veloce. Ideale per l&#8217;allenamento professionale. Il pallone si distingue per il suo impatto ridotto sull&#8217;ambiente, \u00e8 infatti realizzato in PET e lattice naturale. Presenta una struttura a 32 pannelli e una camera d&#8217;aria in gomma che [&hellip;]<\/p>\n","protected":false},"featured_media":15755,"template":"","meta":[],"product_cat":[139,148],"product_tag":[],"class_list":{"0":"post-15754","1":"product","2":"type-product","3":"status-publish","4":"has-post-thumbnail","6":"product_cat-palloni-calcio-ibridi","7":"product_cat-pallone-da-match-professionale","9":"first","10":"instock","11":"shipping-taxable","12":"purchasable","13":"product-type-simple","14":"add-to-wishlist-after_add_to_cart"},"_links":{"self":[{"href":"https:\/\/www.temposoccer.it\/en\/wp-json\/wp\/v2\/product\/15754","targetHints":{"allow":["GET"]}}],"collection":[{"href":"https:\/\/www.temposoccer.it\/en\/wp-json\/wp\/v2\/product"}],"about":[{"href":"https:\/\/www.temposoccer.it\/en\/wp-json\/wp\/v2\/types\/product"}],"wp:featuredmedia":[{"embeddable":true,"href":"https:\/\/www.temposoccer.it\/en\/wp-json\/wp\/v2\/media\/15755"}],"wp:attachment":[{"href":"https:\/\/www.temposoccer.it\/en\/wp-json\/wp\/v2\/media?parent=15754"}],"wp:term":[{"taxonomy":"product_cat","embeddable":true,"href":"https:\/\/www.temposoccer.it\/en\/wp-json\/wp\/v2\/product_cat?post=15754"},{"taxonomy":"product_tag","embeddable":true,"href":"https:\/\/www.temposoccer.it\/en\/wp-json\/wp\/v2\/product_tag?post=15754"}],"curies":[{"name":"wp","href":"https:\/\/api.w.org\/{rel}","templated":true}]}}