{"id":15745,"date":"2025-11-24T16:39:28","date_gmt":"2025-11-24T16:39:28","guid":{"rendered":"https:\/\/www.temposoccer.it\/?post_type=product&#038;p=15745"},"modified":"2026-02-19T16:04:04","modified_gmt":"2026-02-19T16:04:04","slug":"ts-1600","status":"publish","type":"product","link":"https:\/\/www.temposoccer.it\/en\/prodotto\/ts-1600\/","title":{"rendered":"TS-1600"},"content":{"rendered":"<p>Pallone da calcio progettato con la rivoluzionaria tecnologia Hypercell, in cui le cuciture tradizionali e quelle incollate sono fuse per offrire ai giocatori il vantaggio di entrambe le costruzioni. Ulteriori vantaggi del pallone Hypercell vanno dall&#8217;assorbimento minimo di acqua grazie alla composizione in PU alla protezione del supporto in schiuma e il rivestimento in PV per aumentare potenza e controllo. Migliora la transizione di potenza verso la palla usando strati aggiuntivi di materiale in schiuma a bolle d\u2019aria che dona maggiore velocit\u00e0 alla palla e un miglior rimbalzo. rende la palla super leggera e assorbente all\u2019urto. il minimo assorbimento d\u2019acqua dona pi\u00f9 stabilit\u00e0 al peso della palla. Per la sua coerenza in condizioni metereologiche diverse, il pallone Hypercell \u00e8 ideale per i calciatori professionisti futuri, attuali e passati. Una migliore ritenzione d\u2019aria \u00e8 garantita dalla classica camera d\u2019aria in gomma. Questo pallone presenta un design a 32 pannelli che garantisce una durevolezza elevata. L\u2019innovazione dei 32 pannelli si caratterizza per i 32 pannelli, bordi speciali di controllo della velocit\u00e0 e cuciture curvi rispetto ai tradizionali palloni da calcio. Questi 32 pannelli rendono il pallone perfetto per una giocata migliorata e ben controllata aumentando dunque la performance dei giocatori stessi.<\/p>\n<ul>\n<li style=\"list-style-type: none;\">\n<ul>\n<li>Peso: 410-440 gr<\/li>\n<li>Circonferenza: 68-70 cm<\/li>\n<li>Materiale 100% PU lucido<\/li>\n<li>Supporto in schiuma ad alta densit\u00e0 da 4-4,5 mm<\/li>\n<li>Camera d\u2019aria in gomma sintetica per una ritenzione d\u2019aria massima.<\/li>\n<li>Realizzato con tecnologia Hypercell, dotato di maggiore forza e velocit\u00e0<\/li>\n<li>All weather conditions: Adatto a tutte le condizioni climatiche<\/li>\n<li>Indicato per un buon allenamento<\/li>\n<\/ul>\n<\/li>\n<\/ul>\n<p><em>Note: A causa dei diversi monitor e degli effetti a luce, il colore effettivo dell&#8217;articolo potrebbe essere leggermente diverso da quello mostrato nelle immagini.<\/em>\u00a0<em>Si prega di consentire una deviazione di misurazione di 1-2 cm dovuta alla misurazione manuale<\/em><\/p>\n","protected":false},"excerpt":{"rendered":"<p>Pallone da calcio progettato con la rivoluzionaria tecnologia Hypercell, in cui le cuciture tradizionali e quelle incollate sono fuse per offrire ai giocatori il vantaggio di entrambe le costruzioni. Ulteriori vantaggi del pallone Hypercell vanno dall&#8217;assorbimento minimo di acqua grazie alla composizione in PU alla protezione del supporto in schiuma e il rivestimento in PV [&hellip;]<\/p>\n","protected":false},"featured_media":15746,"template":"","meta":[],"product_cat":[138],"product_tag":[],"class_list":{"0":"post-15745","1":"product","2":"type-product","3":"status-publish","4":"has-post-thumbnail","6":"product_cat-palloni-ibridi-hypercell","8":"first","9":"instock","10":"shipping-taxable","11":"purchasable","12":"product-type-simple","13":"add-to-wishlist-after_add_to_cart"},"_links":{"self":[{"href":"https:\/\/www.temposoccer.it\/en\/wp-json\/wp\/v2\/product\/15745","targetHints":{"allow":["GET"]}}],"collection":[{"href":"https:\/\/www.temposoccer.it\/en\/wp-json\/wp\/v2\/product"}],"about":[{"href":"https:\/\/www.temposoccer.it\/en\/wp-json\/wp\/v2\/types\/product"}],"wp:featuredmedia":[{"embeddable":true,"href":"https:\/\/www.temposoccer.it\/en\/wp-json\/wp\/v2\/media\/15746"}],"wp:attachment":[{"href":"https:\/\/www.temposoccer.it\/en\/wp-json\/wp\/v2\/media?parent=15745"}],"wp:term":[{"taxonomy":"product_cat","embeddable":true,"href":"https:\/\/www.temposoccer.it\/en\/wp-json\/wp\/v2\/product_cat?post=15745"},{"taxonomy":"product_tag","embeddable":true,"href":"https:\/\/www.temposoccer.it\/en\/wp-json\/wp\/v2\/product_tag?post=15745"}],"curies":[{"name":"wp","href":"https:\/\/api.w.org\/{rel}","templated":true}]}}